{"id":154,"date":"2021-01-10T21:56:39","date_gmt":"2021-01-10T20:56:39","guid":{"rendered":"https:\/\/maghazmuhely.com\/?page_id=154"},"modified":"2023-09-28T08:11:26","modified_gmt":"2023-09-28T06:11:26","slug":"home","status":"publish","type":"page","link":"https:\/\/maghazmuhely.com\/en\/","title":{"rendered":"Homepage"},"content":{"rendered":"<div class=\"alignfull\">\n<div id=\"sa_slider_shortcode\">\r\n\t<div class=\"psac-post-carousel-wrp psac-slider-and-carousel psac-clearfix\">\r\n\t\t<div class=\"psac-post-carousel owl-carousel psac-design-1\" id=\"psac-carousel-1\" data-conf=\"{&quot;slide_show&quot;:3,&quot;slide_scroll&quot;:1,&quot;dots&quot;:true,&quot;arrows&quot;:true,&quot;autoplay&quot;:true,&quot;autoplay_interval&quot;:&quot;4000&quot;,&quot;speed&quot;:&quot;2000&quot;,&quot;loop&quot;:true}\">\r\n\t\t\t<div class=\"psac-post-carousel-slide\">\r\n\t<div class=\"psac-post-image-bg\" style=\" background-image: url(&#039;https:\/\/maghazmuhely.com\/wp-content\/uploads\/2021\/01\/banner2-rotated.jpg&#039;); \">\r\n\t<a href=\"https:\/\/maghazmuhely.com\/en\/bemutatkozas\/\" class=\"psac-link-overlay\"><\/a>\r\n\t\t<div class=\"psac-post-carousel-content\">\r\n\t\t\r\n\t\t\t<h2 class=\"psac-post-title\">\r\n\t\t\t\t<a href=\"https:\/\/maghazmuhely.com\/en\/bemutatkozas\/\">Introduction<\/a>\r\n\t\t\t<\/h2>\r\n\r\n\t\t\t\t\t<\/div>\r\n\t<\/div>\r\n\t<\/div><div class=\"psac-post-carousel-slide\">\r\n\t<div class=\"psac-post-image-bg\" style=\" background-image: url(&#039;https:\/\/maghazmuhely.com\/wp-content\/uploads\/2021\/01\/3alma.jpg&#039;); \">\r\n\t<a href=\"https:\/\/maghazmuhely.com\/en\/honap-meseje\/\" class=\"psac-link-overlay\"><\/a>\r\n\t\t<div class=\"psac-post-carousel-content\">\r\n\t\t\r\n\t\t\t<h2 class=\"psac-post-title\">\r\n\t\t\t\t<a href=\"https:\/\/maghazmuhely.com\/en\/honap-meseje\/\">Tale of the Month<\/a>\r\n\t\t\t<\/h2>\r\n\r\n\t\t\t\t\t<\/div>\r\n\t<\/div>\r\n\t<\/div><div class=\"psac-post-carousel-slide\">\r\n\t<div class=\"psac-post-image-bg\" style=\" background-image: url(&#039;https:\/\/maghazmuhely.com\/wp-content\/uploads\/2021\/01\/banner13.jpg&#039;); \">\r\n\t<a href=\"https:\/\/maghazmuhely.com\/en\/sel-keszsegek\/\" class=\"psac-link-overlay\"><\/a>\r\n\t\t<div class=\"psac-post-carousel-content\">\r\n\t\t\r\n\t\t\t<h2 class=\"psac-post-title\">\r\n\t\t\t\t<a href=\"https:\/\/maghazmuhely.com\/en\/sel-keszsegek\/\">\u00c9rzelmi-t\u00e1rsas k\u00e9szs\u00e9gek<\/a>\r\n\t\t\t<\/h2>\r\n\r\n\t\t\t\t\t<\/div>\r\n\t<\/div>\r\n\t<\/div><div class=\"psac-post-carousel-slide\">\r\n\t<div class=\"psac-post-image-bg\" style=\" background-image: url(&#039;https:\/\/maghazmuhely.com\/wp-content\/uploads\/2021\/01\/banner4-scaled.jpg&#039;); \">\r\n\t<a href=\"https:\/\/maghazmuhely.com\/en\/esemenyek\/\" class=\"psac-link-overlay\"><\/a>\r\n\t\t<div class=\"psac-post-carousel-content\">\r\n\t\t\r\n\t\t\t<h2 class=\"psac-post-title\">\r\n\t\t\t\t<a href=\"https:\/\/maghazmuhely.com\/en\/esemenyek\/\">Programs<\/a>\r\n\t\t\t<\/h2>\r\n\r\n\t\t\t\t\t<\/div>\r\n\t<\/div>\r\n\t<\/div><div class=\"psac-post-carousel-slide\">\r\n\t<div class=\"psac-post-image-bg\" style=\" background-image: url(&#039;https:\/\/maghazmuhely.com\/wp-content\/uploads\/2021\/01\/banner14.jpg&#039;); \">\r\n\t<a href=\"https:\/\/maghazmuhely.com\/en\/foglalkozastervek\/\" class=\"psac-link-overlay\"><\/a>\r\n\t\t<div class=\"psac-post-carousel-content\">\r\n\t\t\r\n\t\t\t<h2 class=\"psac-post-title\">\r\n\t\t\t\t<a href=\"https:\/\/maghazmuhely.com\/en\/foglalkozastervek\/\">Session Plans<\/a>\r\n\t\t\t<\/h2>\r\n\r\n\t\t\t\t\t<\/div>\r\n\t<\/div>\r\n\t<\/div><div class=\"psac-post-carousel-slide\">\r\n\t<div class=\"psac-post-image-bg\" style=\" background-image: url(&#039;https:\/\/maghazmuhely.com\/wp-content\/uploads\/2021\/01\/banner12.jpg&#039;); \">\r\n\t<a href=\"https:\/\/maghazmuhely.com\/en\/publikaciok\/\" class=\"psac-link-overlay\"><\/a>\r\n\t\t<div class=\"psac-post-carousel-content\">\r\n\t\t\r\n\t\t\t<h2 class=\"psac-post-title\">\r\n\t\t\t\t<a href=\"https:\/\/maghazmuhely.com\/en\/publikaciok\/\">Publications<\/a>\r\n\t\t\t<\/h2>\r\n\r\n\t\t\t\t\t<\/div>\r\n\t<\/div>\r\n\t<\/div><div class=\"psac-post-carousel-slide\">\r\n\t<div class=\"psac-post-image-bg\" style=\" background-image: url(&#039;https:\/\/maghazmuhely.com\/wp-content\/uploads\/2021\/01\/banner1-rotated.jpg&#039;); \">\r\n\t<a href=\"https:\/\/maghazmuhely.com\/en\/galeria\/\" class=\"psac-link-overlay\"><\/a>\r\n\t\t<div class=\"psac-post-carousel-content\">\r\n\t\t\r\n\t\t\t<h2 class=\"psac-post-title\">\r\n\t\t\t\t<a href=\"https:\/\/maghazmuhely.com\/en\/galeria\/\">Gallery<\/a>\r\n\t\t\t<\/h2>\r\n\r\n\t\t\t\t\t<\/div>\r\n\t<\/div>\r\n\t<\/div><div class=\"psac-post-carousel-slide\">\r\n\t<div class=\"psac-post-image-bg\" style=\" background-image: url(&#039;https:\/\/maghazmuhely.com\/wp-content\/uploads\/2021\/01\/banner9-rotated.jpg&#039;); \">\r\n\t<a href=\"https:\/\/maghazmuhely.com\/en\/kapcsolat\/\" class=\"psac-link-overlay\"><\/a>\r\n\t\t<div class=\"psac-post-carousel-content\">\r\n\t\t\r\n\t\t\t<h2 class=\"psac-post-title\">\r\n\t\t\t\t<a href=\"https:\/\/maghazmuhely.com\/en\/kapcsolat\/\">Contact<\/a>\r\n\t\t\t<\/h2>\r\n\r\n\t\t\t\t\t<\/div>\r\n\t<\/div>\r\n\t<\/div>\t\t<\/div>\r\n\t<\/div>\r\n\r\n\t<\/div>\n<\/div>\n<p><!-- \/wp:metaslider\/slider --><\/p>","protected":false},"excerpt":{"rendered":"","protected":false},"author":1,"featured_media":0,"parent":0,"menu_order":0,"comment_status":"closed","ping_status":"closed","template":"","meta":{"jetpack_post_was_ever_published":false,"footnotes":""},"class_list":["post-154","page","type-page","status-publish","hentry"],"yoast_head":"<!-- This site is optimized with the Yoast SEO plugin v23.5 - https:\/\/yoast.com\/wordpress\/plugins\/seo\/ -->\n<title>Kezd\u0151lap - Magh\u00e1z Mesem\u0171hely<\/title>\n<meta name=\"robots\" content=\"index, follow, max-snippet:-1, max-image-preview:large, max-video-preview:-1\" \/>\n<link rel=\"canonical\" href=\"https:\/\/maghazmuhely.com\/en\/\" \/>\n<meta property=\"og:locale\" content=\"en_US\" \/>\n<meta property=\"og:type\" content=\"article\" \/>\n<meta property=\"og:title\" content=\"Kezd\u0151lap - Magh\u00e1z Mesem\u0171hely\" \/>\n<meta property=\"og:url\" content=\"https:\/\/maghazmuhely.com\/en\/\" \/>\n<meta property=\"og:site_name\" content=\"Magh\u00e1z Mesem\u0171hely\" \/>\n<meta property=\"article:modified_time\" content=\"2023-09-28T06:11:26+00:00\" \/>\n<meta name=\"twitter:card\" content=\"summary_large_image\" \/>\n<script type=\"application\/ld+json\" class=\"yoast-schema-graph\">{\"@context\":\"https:\/\/schema.org\",\"@graph\":[{\"@type\":\"WebPage\",\"@id\":\"https:\/\/maghazmuhely.com\/\",\"url\":\"https:\/\/maghazmuhely.com\/\",\"name\":\"Kezd\u0151lap - Magh\u00e1z Mesem\u0171hely\",\"isPartOf\":{\"@id\":\"https:\/\/maghazmuhely.com\/#website\"},\"datePublished\":\"2021-01-10T20:56:39+00:00\",\"dateModified\":\"2023-09-28T06:11:26+00:00\",\"breadcrumb\":{\"@id\":\"https:\/\/maghazmuhely.com\/#breadcrumb\"},\"inLanguage\":\"en-US\",\"potentialAction\":[{\"@type\":\"ReadAction\",\"target\":[\"https:\/\/maghazmuhely.com\/\"]}]},{\"@type\":\"BreadcrumbList\",\"@id\":\"https:\/\/maghazmuhely.com\/#breadcrumb\",\"itemListElement\":[{\"@type\":\"ListItem\",\"position\":1,\"name\":\"Home\",\"item\":\"https:\/\/maghazmuhely.com\/\"},{\"@type\":\"ListItem\",\"position\":2,\"name\":\"Kezd\u0151lap\"}]},{\"@type\":\"WebSite\",\"@id\":\"https:\/\/maghazmuhely.com\/#website\",\"url\":\"https:\/\/maghazmuhely.com\/\",\"name\":\"Magh\u00e1z Mesem\u0171hely\",\"description\":\"\",\"publisher\":{\"@id\":\"https:\/\/maghazmuhely.com\/#organization\"},\"potentialAction\":[{\"@type\":\"SearchAction\",\"target\":{\"@type\":\"EntryPoint\",\"urlTemplate\":\"https:\/\/maghazmuhely.com\/?s={search_term_string}\"},\"query-input\":{\"@type\":\"PropertyValueSpecification\",\"valueRequired\":true,\"valueName\":\"search_term_string\"}}],\"inLanguage\":\"en-US\"},{\"@type\":\"Organization\",\"@id\":\"https:\/\/maghazmuhely.com\/#organization\",\"name\":\"Magh\u00e1z Mesem\u0171hely\",\"url\":\"https:\/\/maghazmuhely.com\/\",\"logo\":{\"@type\":\"ImageObject\",\"inLanguage\":\"en-US\",\"@id\":\"https:\/\/maghazmuhely.com\/#\/schema\/logo\/image\/\",\"url\":\"https:\/\/i0.wp.com\/maghazmuhely.com\/wp-content\/uploads\/2021\/01\/logo.png?fit=286%2C126&ssl=1\",\"contentUrl\":\"https:\/\/i0.wp.com\/maghazmuhely.com\/wp-content\/uploads\/2021\/01\/logo.png?fit=286%2C126&ssl=1\",\"width\":286,\"height\":126,\"caption\":\"Magh\u00e1z Mesem\u0171hely\"},\"image\":{\"@id\":\"https:\/\/maghazmuhely.com\/#\/schema\/logo\/image\/\"}}]}<\/script>\n<!-- \/ Yoast SEO plugin. -->","yoast_head_json":{"title":"Kezd\u0151lap - Magh\u00e1z Mesem\u0171hely","robots":{"index":"index","follow":"follow","max-snippet":"max-snippet:-1","max-image-preview":"max-image-preview:large","max-video-preview":"max-video-preview:-1"},"canonical":"https:\/\/maghazmuhely.com\/en\/","og_locale":"en_US","og_type":"article","og_title":"Kezd\u0151lap - Magh\u00e1z Mesem\u0171hely","og_url":"https:\/\/maghazmuhely.com\/en\/","og_site_name":"Magh\u00e1z Mesem\u0171hely","article_modified_time":"2023-09-28T06:11:26+00:00","twitter_card":"summary_large_image","schema":{"@context":"https:\/\/schema.org","@graph":[{"@type":"WebPage","@id":"https:\/\/maghazmuhely.com\/","url":"https:\/\/maghazmuhely.com\/","name":"Kezd\u0151lap - Magh\u00e1z Mesem\u0171hely","isPartOf":{"@id":"https:\/\/maghazmuhely.com\/#website"},"datePublished":"2021-01-10T20:56:39+00:00","dateModified":"2023-09-28T06:11:26+00:00","breadcrumb":{"@id":"https:\/\/maghazmuhely.com\/#breadcrumb"},"inLanguage":"en-US","potentialAction":[{"@type":"ReadAction","target":["https:\/\/maghazmuhely.com\/"]}]},{"@type":"BreadcrumbList","@id":"https:\/\/maghazmuhely.com\/#breadcrumb","itemListElement":[{"@type":"ListItem","position":1,"name":"Home","item":"https:\/\/maghazmuhely.com\/"},{"@type":"ListItem","position":2,"name":"Kezd\u0151lap"}]},{"@type":"WebSite","@id":"https:\/\/maghazmuhely.com\/#website","url":"https:\/\/maghazmuhely.com\/","name":"Magh\u00e1z Mesem\u0171hely","description":"","publisher":{"@id":"https:\/\/maghazmuhely.com\/#organization"},"potentialAction":[{"@type":"SearchAction","target":{"@type":"EntryPoint","urlTemplate":"https:\/\/maghazmuhely.com\/?s={search_term_string}"},"query-input":{"@type":"PropertyValueSpecification","valueRequired":true,"valueName":"search_term_string"}}],"inLanguage":"en-US"},{"@type":"Organization","@id":"https:\/\/maghazmuhely.com\/#organization","name":"Magh\u00e1z Mesem\u0171hely","url":"https:\/\/maghazmuhely.com\/","logo":{"@type":"ImageObject","inLanguage":"en-US","@id":"https:\/\/maghazmuhely.com\/#\/schema\/logo\/image\/","url":"https:\/\/i0.wp.com\/maghazmuhely.com\/wp-content\/uploads\/2021\/01\/logo.png?fit=286%2C126&ssl=1","contentUrl":"https:\/\/i0.wp.com\/maghazmuhely.com\/wp-content\/uploads\/2021\/01\/logo.png?fit=286%2C126&ssl=1","width":286,"height":126,"caption":"Magh\u00e1z Mesem\u0171hely"},"image":{"@id":"https:\/\/maghazmuhely.com\/#\/schema\/logo\/image\/"}}]}},"jetpack_sharing_enabled":true,"_links":{"self":[{"href":"https:\/\/maghazmuhely.com\/en\/wp-json\/wp\/v2\/pages\/154"}],"collection":[{"href":"https:\/\/maghazmuhely.com\/en\/wp-json\/wp\/v2\/pages"}],"about":[{"href":"https:\/\/maghazmuhely.com\/en\/wp-json\/wp\/v2\/types\/page"}],"author":[{"embeddable":true,"href":"https:\/\/maghazmuhely.com\/en\/wp-json\/wp\/v2\/users\/1"}],"replies":[{"embeddable":true,"href":"https:\/\/maghazmuhely.com\/en\/wp-json\/wp\/v2\/comments?post=154"}],"version-history":[{"count":5,"href":"https:\/\/maghazmuhely.com\/en\/wp-json\/wp\/v2\/pages\/154\/revisions"}],"predecessor-version":[{"id":306,"href":"https:\/\/maghazmuhely.com\/en\/wp-json\/wp\/v2\/pages\/154\/revisions\/306"}],"wp:attachment":[{"href":"https:\/\/maghazmuhely.com\/en\/wp-json\/wp\/v2\/media?parent=154"}],"curies":[{"name":"wp","href":"https:\/\/api.w.org\/{rel}","templated":true}]}}